{"id":78,"date":"2019-12-14T22:09:14","date_gmt":"2019-12-14T21:09:14","guid":{"rendered":"http:\/\/serwer1714752.home.pl\/autoinstalator\/wordpressplugins\/?page_id=78"},"modified":"2020-02-26T19:13:14","modified_gmt":"2020-02-26T18:13:14","slug":"oferta","status":"publish","type":"page","link":"https:\/\/aka-med.com.pl\/?page_id=78","title":{"rendered":"Oferta"},"content":{"rendered":"<p><center><\/p>\n<div id=\"CntContainer\">\n<div id=\"CntBox\">\n<div id=\"CntTitle\">REHABILITACJA I \u0106WICZENIA<\/div>\n<ul>\n<li>ta\u015bmy thera band<\/li>\n<li>ta\u015bmy oporowe, rehabilitacyjne<\/li>\n<li>gumy do \u0107wicze\u0144<\/li>\n<li>rolki i pi\u0142ki do masa\u017cu<\/li>\n<li>produkty jednorazowe:<\/li>\n<li>r\u0119kawice,<\/li>\n<li>podk\u0142ady medyczne<\/li>\n<li>pi\u0142ki rehabilitacyjne<\/li>\n<li>dyski<\/li>\n<li>poduszki sensomotoryczne<\/li>\n<li>platformy<\/li>\n<li>akcesoria sanitarne<\/li>\n<li>p\u0142yny dezynfekuj\u0105ce<\/li>\n<li>poduszki ortopedyczne<\/li>\n<\/ul>\n<\/div>\n<div id=\"CntBox\">\n<div id=\"CntTitle\">ORTEZY I STABILIZATORY<\/div>\n<ul>\n<li>ortezy kolana<\/li>\n<li>ortezy r\u0119ki i barku<\/li>\n<li>ortezy kostki i stopy<\/li>\n<li>ortezy dla dzieci<\/li>\n<li>ortezy tu\u0142owia<\/li>\n<li>temblaki<\/li>\n<\/ul>\n<\/div>\n<div id=\"CntBox\">\n<div id=\"CntTitle\">ZDROWIE ST\u00d3P<\/div>\n<ul>\n<li>wk\u0142adki ortopedyczne<\/li>\n<li>skarpetki zdrowotne<\/li>\n<li>kompresja stop \u017cylakom<\/li>\n<li>podkolan\u00f3wki kompresyjne<\/li>\n<li>po\u0144czochy<\/li>\n<li>rajstopy przeciw\u017cylakowe<\/li>\n<li>buty korekcyjne<\/li>\n<li>przyrz\u0105dy do \u0107wicze\u0144 i rehabilitacji<\/li>\n<\/ul>\n<\/div>\n<div id=\"CntBox\">\n<div id=\"CntTitle\">OPIEKA I MOBILNO\u015a\u0106<\/div>\n<ul>\n<li>balkoniki i chodziki<\/li>\n<li>wyposa\u017cenie \u0142azienki<\/li>\n<li>w\u00f3zki inwalidzkie<\/li>\n<li>lekki gips<\/li>\n<li>kule<\/li>\n<li>laski<\/li>\n<li>terapia przeciwodle\u017cynowa<\/li>\n<li>materace<\/li>\n<li>poduszki przeciwodle\u017cynowe<\/li>\n<li>pieluchy i pieluchomajtki<\/li>\n<li>podk\u0142ady jednorazowe<\/li>\n<li>artyku\u0142y stomijne<\/li>\n<li>peruki<\/li>\n<li>protezy piersi<\/li>\n<\/ul>\n<\/div>\n<\/div>\n<p><\/center><\/p>\n<div style=\"clear:both\"><\/div>\n<div style=\"clear:both\"><\/div>\n<p><center><\/p>\n<h3 style=\"color: #28166f;\">REFUNDACJA WNIOSK\u00d3W NFZ<\/h3>\n<p><img decoding=\"async\" src=\"\/wp-content\/uploads\/NFZ\/NFZ_logo.png\" width=\"200px\" height=\"75px\"><br \/>\n<\/center><br \/>\n<div class=\"rl-gallery-container rl-loading\" id=\"rl-gallery-container-1\" data-gallery_id=\"345\"> <div class=\"rl-gallery rl-basicgrid-gallery rl-hover-effect-6 rl-hover-icon-2\" id=\"rl-gallery-1\" data-gallery_no=\"1\"> <div class=\"rl-gallery-item\"><a href=\"https:\/\/aka-med.com.pl\/wp-content\/uploads\/Galeria-Asortyment\/Genumedi-PSS.png\" title=\"\" data-rl_title=\"\" class=\"rl-gallery-link\" data-rl_caption=\"\" data-rel=\"lightbox-gallery-1\"><img loading=\"lazy\" decoding=\"async\" src=\"https:\/\/aka-med.com.pl\/wp-content\/uploads\/Galeria-Asortyment\/Genumedi-PSS-150x150.png\" width=\"150\" height=\"150\" alt=\"\" \/><\/a><\/div><div class=\"rl-gallery-item\"><a href=\"https:\/\/aka-med.com.pl\/wp-content\/uploads\/Galeria-Asortyment\/Trigo_S_carbon_side_plate-scaled.jpg\" title=\"\" data-rl_title=\"\" class=\"rl-gallery-link\" data-rl_caption=\"\" data-rel=\"lightbox-gallery-1\"><img loading=\"lazy\" decoding=\"async\" src=\"https:\/\/aka-med.com.pl\/wp-content\/uploads\/Galeria-Asortyment\/Trigo_S_carbon_side_plate-150x150.jpg\" width=\"150\" height=\"150\" alt=\"\" \/><\/a><\/div><div class=\"rl-gallery-item\"><a href=\"https:\/\/aka-med.com.pl\/wp-content\/uploads\/Galeria-Asortyment\/WhatsApp-Image-2020-01-14-at-08.41.27.jpeg\" title=\"\" data-rl_title=\"\" class=\"rl-gallery-link\" data-rl_caption=\"\" data-rel=\"lightbox-gallery-1\"><img loading=\"lazy\" decoding=\"async\" src=\"https:\/\/aka-med.com.pl\/wp-content\/uploads\/Galeria-Asortyment\/WhatsApp-Image-2020-01-14-at-08.41.27-150x150.jpeg\" width=\"150\" height=\"150\" alt=\"\" \/><\/a><\/div><div class=\"rl-gallery-item\"><a href=\"https:\/\/aka-med.com.pl\/wp-content\/uploads\/Galeria-Asortyment\/w\u00f3zek1.png\" title=\"\" data-rl_title=\"\" class=\"rl-gallery-link\" data-rl_caption=\"\" data-rel=\"lightbox-gallery-1\"><img loading=\"lazy\" decoding=\"async\" src=\"https:\/\/aka-med.com.pl\/wp-content\/uploads\/Galeria-Asortyment\/w\u00f3zek1-150x150.png\" width=\"150\" height=\"150\" alt=\"\" \/><\/a><\/div><div class=\"rl-gallery-item\"><a href=\"https:\/\/aka-med.com.pl\/wp-content\/uploads\/Galeria-Asortyment\/WhatsApp-Image-2020-01-14-at-08.41.27-2.jpeg\" title=\"\" data-rl_title=\"\" class=\"rl-gallery-link\" data-rl_caption=\"\" data-rel=\"lightbox-gallery-1\"><img loading=\"lazy\" decoding=\"async\" src=\"https:\/\/aka-med.com.pl\/wp-content\/uploads\/Galeria-Asortyment\/WhatsApp-Image-2020-01-14-at-08.41.27-2-150x150.jpeg\" width=\"150\" height=\"150\" alt=\"\" \/><\/a><\/div><div class=\"rl-gallery-item\"><a href=\"https:\/\/aka-med.com.pl\/wp-content\/uploads\/Galeria-Asortyment\/w\u00f3zek.png\" title=\"\" data-rl_title=\"\" class=\"rl-gallery-link\" data-rl_caption=\"\" data-rel=\"lightbox-gallery-1\"><img loading=\"lazy\" decoding=\"async\" src=\"https:\/\/aka-med.com.pl\/wp-content\/uploads\/Galeria-Asortyment\/w\u00f3zek-150x150.png\" width=\"150\" height=\"150\" alt=\"\" \/><\/a><\/div><div class=\"rl-gallery-item\"><a href=\"https:\/\/aka-med.com.pl\/wp-content\/uploads\/Galeria-Asortyment\/WhatsApp-Image-2020-01-14-at-08.41.27-1.jpeg\" title=\"\" data-rl_title=\"\" class=\"rl-gallery-link\" data-rl_caption=\"\" data-rel=\"lightbox-gallery-1\"><img loading=\"lazy\" decoding=\"async\" src=\"https:\/\/aka-med.com.pl\/wp-content\/uploads\/Galeria-Asortyment\/WhatsApp-Image-2020-01-14-at-08.41.27-1-150x150.jpeg\" width=\"150\" height=\"150\" alt=\"\" \/><\/a><\/div><div class=\"rl-gallery-item\"><a href=\"https:\/\/aka-med.com.pl\/wp-content\/uploads\/Galeria-Asortyment\/tr\u00f3jn\u00f3g.png\" title=\"\" data-rl_title=\"\" class=\"rl-gallery-link\" data-rl_caption=\"\" data-rel=\"lightbox-gallery-1\"><img loading=\"lazy\" decoding=\"async\" src=\"https:\/\/aka-med.com.pl\/wp-content\/uploads\/Galeria-Asortyment\/tr\u00f3jn\u00f3g-150x150.png\" width=\"150\" height=\"150\" alt=\"\" \/><\/a><\/div><div class=\"rl-gallery-item\"><a href=\"https:\/\/aka-med.com.pl\/wp-content\/uploads\/Galeria-Asortyment\/WhatsApp-Image-2020-01-14-at-08.41.26.jpeg\" title=\"\" data-rl_title=\"\" class=\"rl-gallery-link\" data-rl_caption=\"\" data-rel=\"lightbox-gallery-1\"><img loading=\"lazy\" decoding=\"async\" src=\"https:\/\/aka-med.com.pl\/wp-content\/uploads\/Galeria-Asortyment\/WhatsApp-Image-2020-01-14-at-08.41.26-150x150.jpeg\" width=\"150\" height=\"150\" alt=\"\" \/><\/a><\/div><div class=\"rl-gallery-item\"><a href=\"https:\/\/aka-med.com.pl\/wp-content\/uploads\/Galeria-Asortyment\/temblak.png\" title=\"\" data-rl_title=\"\" class=\"rl-gallery-link\" data-rl_caption=\"\" data-rel=\"lightbox-gallery-1\"><img loading=\"lazy\" decoding=\"async\" src=\"https:\/\/aka-med.com.pl\/wp-content\/uploads\/Galeria-Asortyment\/temblak-150x150.png\" width=\"150\" height=\"150\" alt=\"\" \/><\/a><\/div><div class=\"rl-gallery-item\"><a href=\"https:\/\/aka-med.com.pl\/wp-content\/uploads\/Galeria-Asortyment\/Collamed_Kat_Nsh_MG_3214_sba.jpg\" title=\"\" data-rl_title=\"\" class=\"rl-gallery-link\" data-rl_caption=\"\" data-rel=\"lightbox-gallery-1\"><img loading=\"lazy\" decoding=\"async\" src=\"https:\/\/aka-med.com.pl\/wp-content\/uploads\/Galeria-Asortyment\/Collamed_Kat_Nsh_MG_3214_sba-150x150.jpg\" width=\"150\" height=\"150\" alt=\"\" \/><\/a><\/div><div class=\"rl-gallery-item\"><a href=\"https:\/\/aka-med.com.pl\/wp-content\/uploads\/Galeria-Asortyment\/ta\u015bmy.png\" title=\"\" data-rl_title=\"\" class=\"rl-gallery-link\" data-rl_caption=\"\" data-rel=\"lightbox-gallery-1\"><img loading=\"lazy\" decoding=\"async\" src=\"https:\/\/aka-med.com.pl\/wp-content\/uploads\/Galeria-Asortyment\/ta\u015bmy-150x150.png\" width=\"150\" height=\"150\" alt=\"\" \/><\/a><\/div><div class=\"rl-gallery-item\"><a href=\"https:\/\/aka-med.com.pl\/wp-content\/uploads\/Galeria-Asortyment\/medi_SAS_15_9815_4c.jpg\" title=\"\" data-rl_title=\"\" class=\"rl-gallery-link\" data-rl_caption=\"\" data-rel=\"lightbox-gallery-1\"><img loading=\"lazy\" decoding=\"async\" src=\"https:\/\/aka-med.com.pl\/wp-content\/uploads\/Galeria-Asortyment\/medi_SAS_15_9815_4c-150x150.jpg\" width=\"150\" height=\"150\" alt=\"\" \/><\/a><\/div><div class=\"rl-gallery-item\"><a href=\"https:\/\/aka-med.com.pl\/wp-content\/uploads\/Galeria-Asortyment\/taboret.png\" title=\"\" data-rl_title=\"\" class=\"rl-gallery-link\" data-rl_caption=\"\" data-rel=\"lightbox-gallery-1\"><img loading=\"lazy\" decoding=\"async\" src=\"https:\/\/aka-med.com.pl\/wp-content\/uploads\/Galeria-Asortyment\/taboret-150x150.png\" width=\"150\" height=\"150\" alt=\"\" \/><\/a><\/div><div class=\"rl-gallery-item\"><a href=\"https:\/\/aka-med.com.pl\/wp-content\/uploads\/Galeria-Asortyment\/KAESSMANN_Medi_04_007_IC2.jpg\" title=\"\" data-rl_title=\"\" class=\"rl-gallery-link\" data-rl_caption=\"\" data-rel=\"lightbox-gallery-1\"><img loading=\"lazy\" decoding=\"async\" src=\"https:\/\/aka-med.com.pl\/wp-content\/uploads\/Galeria-Asortyment\/KAESSMANN_Medi_04_007_IC2-150x150.jpg\" width=\"150\" height=\"150\" alt=\"\" \/><\/a><\/div><div class=\"rl-gallery-item\"><a href=\"https:\/\/aka-med.com.pl\/wp-content\/uploads\/Galeria-Asortyment\/roler.png\" title=\"\" data-rl_title=\"\" class=\"rl-gallery-link\" data-rl_caption=\"\" data-rel=\"lightbox-gallery-1\"><img loading=\"lazy\" decoding=\"async\" src=\"https:\/\/aka-med.com.pl\/wp-content\/uploads\/Galeria-Asortyment\/roler-150x150.png\" width=\"150\" height=\"150\" alt=\"\" \/><\/a><\/div><div class=\"rl-gallery-item\"><a href=\"https:\/\/aka-med.com.pl\/wp-content\/uploads\/Galeria-Asortyment\/GENUMEDI-PT-Sideshot-02-06-RET.jpg\" title=\"\" data-rl_title=\"\" class=\"rl-gallery-link\" data-rl_caption=\"\" data-rel=\"lightbox-gallery-1\"><img loading=\"lazy\" decoding=\"async\" src=\"https:\/\/aka-med.com.pl\/wp-content\/uploads\/Galeria-Asortyment\/GENUMEDI-PT-Sideshot-02-06-RET-150x150.jpg\" width=\"150\" height=\"150\" alt=\"\" \/><\/a><\/div><div class=\"rl-gallery-item\"><a href=\"https:\/\/aka-med.com.pl\/wp-content\/uploads\/Galeria-Asortyment\/po\u0144czochy1.png\" title=\"\" data-rl_title=\"\" class=\"rl-gallery-link\" data-rl_caption=\"\" data-rel=\"lightbox-gallery-1\"><img loading=\"lazy\" decoding=\"async\" src=\"https:\/\/aka-med.com.pl\/wp-content\/uploads\/Galeria-Asortyment\/po\u0144czochy1-150x150.png\" width=\"150\" height=\"150\" alt=\"\" \/><\/a><\/div><div class=\"rl-gallery-item\"><a href=\"https:\/\/aka-med.com.pl\/wp-content\/uploads\/Galeria-Asortyment\/Genumedi-PSS-Image-21-SBA.jpg\" title=\"\" data-rl_title=\"\" class=\"rl-gallery-link\" data-rl_caption=\"\" data-rel=\"lightbox-gallery-1\"><img loading=\"lazy\" decoding=\"async\" src=\"https:\/\/aka-med.com.pl\/wp-content\/uploads\/Galeria-Asortyment\/Genumedi-PSS-Image-21-SBA-150x150.jpg\" width=\"150\" height=\"150\" alt=\"\" \/><\/a><\/div><div class=\"rl-gallery-item\"><a href=\"https:\/\/aka-med.com.pl\/wp-content\/uploads\/Galeria-Asortyment\/poduszka.png\" title=\"\" data-rl_title=\"\" class=\"rl-gallery-link\" data-rl_caption=\"\" data-rel=\"lightbox-gallery-1\"><img loading=\"lazy\" decoding=\"async\" src=\"https:\/\/aka-med.com.pl\/wp-content\/uploads\/Galeria-Asortyment\/poduszka-150x150.png\" width=\"150\" height=\"150\" alt=\"\" \/><\/a><\/div><div class=\"rl-gallery-item\"><a href=\"https:\/\/aka-med.com.pl\/wp-content\/uploads\/Galeria-Asortyment\/poduszka-1.png\" title=\"\" data-rl_title=\"\" class=\"rl-gallery-link\" data-rl_caption=\"\" data-rel=\"lightbox-gallery-1\"><img loading=\"lazy\" decoding=\"async\" src=\"https:\/\/aka-med.com.pl\/wp-content\/uploads\/Galeria-Asortyment\/poduszka-1-150x150.png\" width=\"150\" height=\"150\" alt=\"\" \/><\/a><\/div><div class=\"rl-gallery-item\"><a href=\"https:\/\/aka-med.com.pl\/wp-content\/uploads\/Galeria-Asortyment\/po\u0144czochy.png\" title=\"\" data-rl_title=\"\" class=\"rl-gallery-link\" data-rl_caption=\"\" data-rel=\"lightbox-gallery-1\"><img loading=\"lazy\" decoding=\"async\" src=\"https:\/\/aka-med.com.pl\/wp-content\/uploads\/Galeria-Asortyment\/po\u0144czochy-150x150.png\" width=\"150\" height=\"150\" alt=\"\" \/><\/a><\/div><div class=\"rl-gallery-item\"><a href=\"https:\/\/aka-med.com.pl\/wp-content\/uploads\/Galeria-Asortyment\/pi\u0142ki-3.png\" title=\"\" data-rl_title=\"\" class=\"rl-gallery-link\" data-rl_caption=\"\" data-rel=\"lightbox-gallery-1\"><img loading=\"lazy\" decoding=\"async\" src=\"https:\/\/aka-med.com.pl\/wp-content\/uploads\/Galeria-Asortyment\/pi\u0142ki-3-150x150.png\" width=\"150\" height=\"150\" alt=\"\" \/><\/a><\/div><div class=\"rl-gallery-item\"><a href=\"https:\/\/aka-med.com.pl\/wp-content\/uploads\/Galeria-Asortyment\/pi\u0142ka2.png\" title=\"\" data-rl_title=\"\" class=\"rl-gallery-link\" data-rl_caption=\"\" data-rel=\"lightbox-gallery-1\"><img loading=\"lazy\" decoding=\"async\" src=\"https:\/\/aka-med.com.pl\/wp-content\/uploads\/Galeria-Asortyment\/pi\u0142ka2-150x150.png\" width=\"150\" height=\"150\" alt=\"\" \/><\/a><\/div><div class=\"rl-gallery-item\"><a href=\"https:\/\/aka-med.com.pl\/wp-content\/uploads\/Galeria-Asortyment\/pi\u0142ka1.png\" title=\"\" data-rl_title=\"\" class=\"rl-gallery-link\" data-rl_caption=\"\" data-rel=\"lightbox-gallery-1\"><img loading=\"lazy\" decoding=\"async\" src=\"https:\/\/aka-med.com.pl\/wp-content\/uploads\/Galeria-Asortyment\/pi\u0142ka1-150x150.png\" width=\"150\" height=\"150\" alt=\"\" \/><\/a><\/div><div class=\"rl-gallery-item\"><a href=\"https:\/\/aka-med.com.pl\/wp-content\/uploads\/Galeria-Asortyment\/pi\u0142ka.png\" title=\"\" data-rl_title=\"\" class=\"rl-gallery-link\" data-rl_caption=\"\" data-rel=\"lightbox-gallery-1\"><img loading=\"lazy\" decoding=\"async\" src=\"https:\/\/aka-med.com.pl\/wp-content\/uploads\/Galeria-Asortyment\/pi\u0142ka-150x150.png\" width=\"150\" height=\"150\" alt=\"\" \/><\/a><\/div><div class=\"rl-gallery-item\"><a href=\"https:\/\/aka-med.com.pl\/wp-content\/uploads\/Galeria-Asortyment\/ortezy-r\u0119ki.png\" title=\"\" data-rl_title=\"\" class=\"rl-gallery-link\" data-rl_caption=\"\" data-rel=\"lightbox-gallery-1\"><img loading=\"lazy\" decoding=\"async\" src=\"https:\/\/aka-med.com.pl\/wp-content\/uploads\/Galeria-Asortyment\/ortezy-r\u0119ki-150x150.png\" width=\"150\" height=\"150\" alt=\"\" \/><\/a><\/div><div class=\"rl-gallery-item\"><a href=\"https:\/\/aka-med.com.pl\/wp-content\/uploads\/Galeria-Asortyment\/ortezy-kolana.png\" title=\"\" data-rl_title=\"\" class=\"rl-gallery-link\" data-rl_caption=\"\" data-rel=\"lightbox-gallery-1\"><img loading=\"lazy\" decoding=\"async\" src=\"https:\/\/aka-med.com.pl\/wp-content\/uploads\/Galeria-Asortyment\/ortezy-kolana-150x150.png\" width=\"150\" height=\"150\" alt=\"\" \/><\/a><\/div><div class=\"rl-gallery-item\"><a href=\"https:\/\/aka-med.com.pl\/wp-content\/uploads\/Galeria-Asortyment\/orteza-reka.png\" title=\"\" data-rl_title=\"\" class=\"rl-gallery-link\" data-rl_caption=\"\" data-rel=\"lightbox-gallery-1\"><img loading=\"lazy\" decoding=\"async\" src=\"https:\/\/aka-med.com.pl\/wp-content\/uploads\/Galeria-Asortyment\/orteza-reka-150x150.png\" width=\"150\" height=\"150\" alt=\"\" \/><\/a><\/div><div class=\"rl-gallery-item\"><a href=\"https:\/\/aka-med.com.pl\/wp-content\/uploads\/Galeria-Asortyment\/laski.png\" title=\"\" data-rl_title=\"\" class=\"rl-gallery-link\" data-rl_caption=\"\" data-rel=\"lightbox-gallery-1\"><img loading=\"lazy\" decoding=\"async\" src=\"https:\/\/aka-med.com.pl\/wp-content\/uploads\/Galeria-Asortyment\/laski-150x150.png\" width=\"150\" height=\"150\" alt=\"\" \/><\/a><\/div><div class=\"rl-gallery-item\"><a href=\"https:\/\/aka-med.com.pl\/wp-content\/uploads\/Galeria-Asortyment\/kule.png\" title=\"\" data-rl_title=\"\" class=\"rl-gallery-link\" data-rl_caption=\"\" data-rel=\"lightbox-gallery-1\"><img loading=\"lazy\" decoding=\"async\" src=\"https:\/\/aka-med.com.pl\/wp-content\/uploads\/Galeria-Asortyment\/kule-150x150.png\" width=\"150\" height=\"150\" alt=\"\" \/><\/a><\/div><div class=\"rl-gallery-item\"><a href=\"https:\/\/aka-med.com.pl\/wp-content\/uploads\/Galeria-Asortyment\/krzes\u0142o.png\" title=\"\" data-rl_title=\"\" class=\"rl-gallery-link\" data-rl_caption=\"\" data-rel=\"lightbox-gallery-1\"><img loading=\"lazy\" decoding=\"async\" src=\"https:\/\/aka-med.com.pl\/wp-content\/uploads\/Galeria-Asortyment\/krzes\u0142o-150x150.png\" width=\"150\" height=\"150\" alt=\"\" \/><\/a><\/div><div class=\"rl-gallery-item\"><a href=\"https:\/\/aka-med.com.pl\/wp-content\/uploads\/Galeria-Asortyment\/but.png\" title=\"\" data-rl_title=\"\" class=\"rl-gallery-link\" data-rl_caption=\"\" data-rel=\"lightbox-gallery-1\"><img loading=\"lazy\" decoding=\"async\" src=\"https:\/\/aka-med.com.pl\/wp-content\/uploads\/Galeria-Asortyment\/but-150x150.png\" width=\"150\" height=\"150\" alt=\"\" \/><\/a><\/div><div class=\"rl-gallery-item\"><a href=\"https:\/\/aka-med.com.pl\/wp-content\/uploads\/Galeria-Asortyment\/balkoniki1.png\" title=\"\" data-rl_title=\"\" class=\"rl-gallery-link\" data-rl_caption=\"\" data-rel=\"lightbox-gallery-1\"><img loading=\"lazy\" decoding=\"async\" src=\"https:\/\/aka-med.com.pl\/wp-content\/uploads\/Galeria-Asortyment\/balkoniki1-150x150.png\" width=\"150\" height=\"150\" alt=\"\" \/><\/a><\/div><div class=\"rl-gallery-item\"><a href=\"https:\/\/aka-med.com.pl\/wp-content\/uploads\/Galeria-Asortyment\/balkoniki.png\" title=\"\" data-rl_title=\"\" class=\"rl-gallery-link\" data-rl_caption=\"\" data-rel=\"lightbox-gallery-1\"><img loading=\"lazy\" decoding=\"async\" src=\"https:\/\/aka-med.com.pl\/wp-content\/uploads\/Galeria-Asortyment\/balkoniki-150x150.png\" width=\"150\" height=\"150\" alt=\"\" \/><\/a><\/div><div class=\"rl-gallery-item\"><a href=\"https:\/\/aka-med.com.pl\/wp-content\/uploads\/Galeria-Asortyment\/aparat-n-haluksy.png\" title=\"\" data-rl_title=\"\" class=\"rl-gallery-link\" data-rl_caption=\"\" data-rel=\"lightbox-gallery-1\"><img loading=\"lazy\" decoding=\"async\" src=\"https:\/\/aka-med.com.pl\/wp-content\/uploads\/Galeria-Asortyment\/aparat-n-haluksy-150x150.png\" width=\"150\" height=\"150\" alt=\"\" \/><\/a><\/div><div class=\"rl-gallery-item\"><a href=\"https:\/\/aka-med.com.pl\/wp-content\/uploads\/Galeria-Asortyment\/Adnotacja-2020-02-13-075514.png\" title=\"\" data-rl_title=\"\" class=\"rl-gallery-link\" data-rl_caption=\"\" data-rel=\"lightbox-gallery-1\"><img loading=\"lazy\" decoding=\"async\" src=\"https:\/\/aka-med.com.pl\/wp-content\/uploads\/Galeria-Asortyment\/Adnotacja-2020-02-13-075514-150x150.png\" width=\"150\" height=\"150\" alt=\"\" \/><\/a><\/div><div class=\"rl-gallery-item\"><a href=\"https:\/\/aka-med.com.pl\/wp-content\/uploads\/Galeria-Asortyment\/1poduszka.png\" title=\"\" data-rl_title=\"\" class=\"rl-gallery-link\" data-rl_caption=\"\" data-rel=\"lightbox-gallery-1\"><img loading=\"lazy\" decoding=\"async\" src=\"https:\/\/aka-med.com.pl\/wp-content\/uploads\/Galeria-Asortyment\/1poduszka-150x150.png\" width=\"150\" height=\"150\" alt=\"\" \/><\/a><\/div><div class=\"rl-gallery-item\"><a href=\"https:\/\/aka-med.com.pl\/wp-content\/uploads\/Galeria-Asortyment\/Wk\u0142adka1.png\" title=\"\" data-rl_title=\"\" class=\"rl-gallery-link\" data-rl_caption=\"\" data-rel=\"lightbox-gallery-1\"><img loading=\"lazy\" decoding=\"async\" src=\"https:\/\/aka-med.com.pl\/wp-content\/uploads\/Galeria-Asortyment\/Wk\u0142adka1-150x150.png\" width=\"150\" height=\"150\" alt=\"\" \/><\/a><\/div><div class=\"rl-gallery-item\"><a href=\"https:\/\/aka-med.com.pl\/wp-content\/uploads\/Galeria-Asortyment\/Podkolan\u00f3wki.png\" title=\"\" data-rl_title=\"\" class=\"rl-gallery-link\" data-rl_caption=\"\" data-rel=\"lightbox-gallery-1\"><img loading=\"lazy\" decoding=\"async\" src=\"https:\/\/aka-med.com.pl\/wp-content\/uploads\/Galeria-Asortyment\/Podkolan\u00f3wki-150x150.png\" width=\"150\" height=\"150\" alt=\"\" \/><\/a><\/div><div class=\"rl-gallery-item\"><a href=\"https:\/\/aka-med.com.pl\/wp-content\/uploads\/Galeria-Asortyment\/Stomia.png\" title=\"\" data-rl_title=\"\" class=\"rl-gallery-link\" data-rl_caption=\"\" data-rel=\"lightbox-gallery-1\"><img loading=\"lazy\" decoding=\"async\" src=\"https:\/\/aka-med.com.pl\/wp-content\/uploads\/Galeria-Asortyment\/Stomia-150x150.png\" width=\"150\" height=\"150\" alt=\"\" \/><\/a><\/div><div class=\"rl-gallery-item\"><a href=\"https:\/\/aka-med.com.pl\/wp-content\/uploads\/Galeria-Asortyment\/Wk\u0142adka.png\" title=\"\" data-rl_title=\"\" class=\"rl-gallery-link\" data-rl_caption=\"\" data-rel=\"lightbox-gallery-1\"><img loading=\"lazy\" decoding=\"async\" src=\"https:\/\/aka-med.com.pl\/wp-content\/uploads\/Galeria-Asortyment\/Wk\u0142adka-150x150.png\" width=\"150\" height=\"150\" alt=\"\" \/><\/a><\/div> <\/div> <\/div><\/p>\n","protected":false},"excerpt":{"rendered":"<p>REHABILITACJA I \u0106WICZENIA ta\u015bmy thera band ta\u015bmy oporowe, rehabilitacyjne gumy do \u0107wicze\u0144 rolki i pi\u0142ki do masa\u017cu produkty jednorazowe: r\u0119kawice, podk\u0142ady medyczne pi\u0142ki rehabilitacyjne dyski<\/p>\n<div class=\"read-more-wrapper\"><a class=\"link small\" href=\"https:\/\/aka-med.com.pl\/?page_id=78\" role=\"button\">Read more<span class=\"nc-icon-glyph arrows-1_bold-right\"><\/span><\/a><\/div>\n","protected":false},"author":1,"featured_media":0,"parent":0,"menu_order":0,"comment_status":"closed","ping_status":"closed","template":"","meta":{"footnotes":""},"class_list":["post-78","page","type-page","status-publish","hentry"],"_links":{"self":[{"href":"https:\/\/aka-med.com.pl\/index.php?rest_route=\/wp\/v2\/pages\/78","targetHints":{"allow":["GET"]}}],"collection":[{"href":"https:\/\/aka-med.com.pl\/index.php?rest_route=\/wp\/v2\/pages"}],"about":[{"href":"https:\/\/aka-med.com.pl\/index.php?rest_route=\/wp\/v2\/types\/page"}],"author":[{"embeddable":true,"href":"https:\/\/aka-med.com.pl\/index.php?rest_route=\/wp\/v2\/users\/1"}],"replies":[{"embeddable":true,"href":"https:\/\/aka-med.com.pl\/index.php?rest_route=%2Fwp%2Fv2%2Fcomments&post=78"}],"version-history":[{"count":27,"href":"https:\/\/aka-med.com.pl\/index.php?rest_route=\/wp\/v2\/pages\/78\/revisions"}],"predecessor-version":[{"id":543,"href":"https:\/\/aka-med.com.pl\/index.php?rest_route=\/wp\/v2\/pages\/78\/revisions\/543"}],"wp:attachment":[{"href":"https:\/\/aka-med.com.pl\/index.php?rest_route=%2Fwp%2Fv2%2Fmedia&parent=78"}],"curies":[{"name":"wp","href":"https:\/\/api.w.org\/{rel}","templated":true}]}}