{"id":59,"date":"2019-12-04T21:25:08","date_gmt":"2019-12-04T20:25:08","guid":{"rendered":"http:\/\/serwer1714752.home.pl\/autoinstalator\/wordpressplugins\/?page_id=59"},"modified":"2022-11-30T08:07:45","modified_gmt":"2022-11-30T07:07:45","slug":"promocje-i-nowosci","status":"publish","type":"page","link":"https:\/\/aka-med.com.pl\/","title":{"rendered":"Aktualno\u015bci"},"content":{"rendered":"\n<p><\/p>\n\n\n\n<p><strong>Szanowni Pa\u0144stwo,&nbsp;<\/strong><\/p>\n\n\n\n<p><strong>To<\/strong> <strong> w\u0142a\u015bnie dla Pa\u0144stwa ca\u0142y czas si\u0119  rozwijamy  z naszym asortymentem oraz lokalizacjami.&nbsp;<\/strong><\/p>\n\n\n\n<p><strong>W przypadku braku interesuj\u0105cego przedmiotu z naszego og\u00f3lnego asortymentu, jeste\u015bmy w stanie sprowadzi\u0107 produkt na Pa\u0144stwa pro\u015bb\u0119 do wybranego oddzia\u0142u, z naszej siedziby znajduj\u0105cej si\u0119 w Gliwicach.<\/strong><\/p>\n\n\n\n<p><strong>Do\u0142o\u017cymy wszelkich stara\u0144, aby zrealizowa\u0107, b\u0105d\u017a odpowiedzie\u0107 na ka\u017cde Pa\u0144stwa zapytanie.<\/strong><\/p>\n\n\n\n<p><strong>Zapraszamy do wsp\u00f3\u0142pracy<\/strong><\/p>\n\n\n\n<p><strong>Krystian Kachel<\/strong><\/p>\n\n\n\n<p><strong>AKA-MED SKLEP MEDYCZNY<\/strong><\/p>\n\n\n\n<p><\/p>\n\n\n\n<p><\/p>\n\n\n\n<p><\/p>\n\n\n\n<p><\/p>\n","protected":false},"excerpt":{"rendered":"<p>Szanowni Pa\u0144stwo,&nbsp; To w\u0142a\u015bnie dla Pa\u0144stwa ca\u0142y czas si\u0119 rozwijamy z naszym asortymentem oraz lokalizacjami.&nbsp; W przypadku braku interesuj\u0105cego przedmiotu z naszego og\u00f3lnego asortymentu, jeste\u015bmy<\/p>\n<div class=\"read-more-wrapper\"><a class=\"link small\" href=\"https:\/\/aka-med.com.pl\/\" role=\"button\">Read more<span class=\"nc-icon-glyph arrows-1_bold-right\"><\/span><\/a><\/div>\n","protected":false},"author":1,"featured_media":0,"parent":0,"menu_order":0,"comment_status":"closed","ping_status":"closed","template":"","meta":{"footnotes":""},"class_list":["post-59","page","type-page","status-publish","hentry"],"_links":{"self":[{"href":"https:\/\/aka-med.com.pl\/index.php?rest_route=\/wp\/v2\/pages\/59","targetHints":{"allow":["GET"]}}],"collection":[{"href":"https:\/\/aka-med.com.pl\/index.php?rest_route=\/wp\/v2\/pages"}],"about":[{"href":"https:\/\/aka-med.com.pl\/index.php?rest_route=\/wp\/v2\/types\/page"}],"author":[{"embeddable":true,"href":"https:\/\/aka-med.com.pl\/index.php?rest_route=\/wp\/v2\/users\/1"}],"replies":[{"embeddable":true,"href":"https:\/\/aka-med.com.pl\/index.php?rest_route=%2Fwp%2Fv2%2Fcomments&post=59"}],"version-history":[{"count":8,"href":"https:\/\/aka-med.com.pl\/index.php?rest_route=\/wp\/v2\/pages\/59\/revisions"}],"predecessor-version":[{"id":610,"href":"https:\/\/aka-med.com.pl\/index.php?rest_route=\/wp\/v2\/pages\/59\/revisions\/610"}],"wp:attachment":[{"href":"https:\/\/aka-med.com.pl\/index.php?rest_route=%2Fwp%2Fv2%2Fmedia&parent=59"}],"curies":[{"name":"wp","href":"https:\/\/api.w.org\/{rel}","templated":true}]}}