{"id":515,"date":"2020-02-26T16:38:09","date_gmt":"2020-02-26T15:38:09","guid":{"rendered":"http:\/\/lviouts.cluster026.hosting.ovh.net\/?page_id=515"},"modified":"2020-02-26T17:28:33","modified_gmt":"2020-02-26T16:28:33","slug":"polityka-cookies","status":"publish","type":"page","link":"https:\/\/aka-med.com.pl\/?page_id=515","title":{"rendered":"Polityka Cookies"},"content":{"rendered":"<h2>I. INFORMACJE OG\u00d3LNE<\/h2>\n<p>1. Polityka Cookies okre\u015bla zasady wykorzystywania plik\u00f3w cookies, a nadto sposoby przetwarzania informacji o U\u017cytkowniku za ich pomoc\u0105.<br \/>\n2. Wydawc\u0105 i administratorem serwisu internetowego jest Administrator.<br \/>\n3. Serwis internetowy Administratora realizuj\u0105 funkcje pozyskiwania informacji o ich U\u017cytkowniku oraz ich zachowaniu.<br \/>\n4. Pozyskiwanie informacji o U\u017cytkowniku nast\u0119puje w szczeg\u00f3lno\u015bci poprzez:<\/p>\n<p style=\"padding-left: 20px;\">\n\t1) zapisywanie na urz\u0105dzeniach ko\u0144cowych U\u017cytkownika plik\u00f3w cookies (tzw. &#8222;ciasteczka&#8221;);<br \/>\n2) poprzez gromadzenie log\u00f3w serwera www na serwerze zarz\u0105dzanym przez Administratora.<\/p>\n<p>5. Dane osobowe gromadzone przy u\u017cyciu plik\u00f3w cookies mog\u0105 by\u0107 przetwarzane wy\u0142\u0105cznie w celu wykonywania okre\u015blonych funkcji na rzecz U\u017cytkownika, opisanych poni\u017cej. Takie dane s\u0105 zaszyfrowane w spos\u00f3b uniemo\u017cliwiaj\u0105cy dost\u0119p do nich osobom nieuprawnionym.<br \/>\n6. Podmiotem zamieszczaj\u0105cym pliki cookies na urz\u0105dzeniu ko\u0144cowym U\u017cytkownika serwisu internetowego oraz uzyskuj\u0105cym do nich dost\u0119p jest Administrator.<br \/>\n7. Pliki cookies pozwalaj\u0105 w szczeg\u00f3lno\u015bci rozpozna\u0107 urz\u0105dzenie U\u017cytkownika i odpowiednio wy\u015bwietli\u0107 serwis internetowy dostosowany do jego indywidualnych preferencji, umo\u017cliwiaj\u0105 wy\u015bwietlenie serwisu internetowego w j\u0119zyku U\u017cytkownika \u201ezapami\u0119tanym\u201d przez te pliki, a tak\u017ce wykorzystanie innych ustawie\u0144 serwisu internetowego wybranych przez U\u017cytkownika.<br \/>\n8. Pliki cookies zazwyczaj zawieraj\u0105 nazw\u0119 serwisu internetowego, z kt\u00f3rego pochodz\u0105, czas przechowywania ich na urz\u0105dzeniu ko\u0144cowym oraz unikalny numer.<\/p>\n<h2>II. CELE POLITYKI<\/h2>\n<p>1. Celem Polityki jest:<\/p>\n<p style=\"padding-left: 20px;\">\n\t1) u\u015bwiadomienie U\u017cytkownika, w jakim zakresie przetwarzane s\u0105 informacje o nim za po\u015brednictwem plik\u00f3w cookies, w tym jego dane osobowe, tak aby U\u017cytkownik m\u00f3g\u0142 samodzielnie, swobodnie i \u015bwiadomie decydowa\u0107 o tym, czy skorzysta z serwisu internetowego Administratora;<br \/>\n2) og\u00f3lne okre\u015blenie, w jaki spos\u00f3b i w jakim celu Administrator zbiera informacje o U\u017cytkowniku oraz do jakich cel\u00f3w te informacje wykorzystuje;<br \/>\n3) poinformowanie U\u017cytkownika do kogo i gdzie Administrator przesy\u0142a jego dane.<\/p>\n<p>2. Maj\u0105c na wzgl\u0119dzie zaufanie U\u017cytkownik\u00f3w serwisu internetowego Administratora, Administrator przyk\u0142ada nale\u017cyt\u0105 staranno\u015b\u0107 do tego, aby dane by\u0142y przetwarzane w spos\u00f3b bezpieczny, rzetelny, zgodny z prawem oraz<br \/>\nprzejrzysty dla U\u017cytkownika.<\/p>\n<h2>III. S\u0141OWNIK<\/h2>\n<p>A. Wyra\u017cenia i terminy<br \/>\nWyra\u017cenia i terminy u\u017cyte w Polityce Cookies maj\u0105 znaczenie nadane im jak poni\u017cej:<\/p>\n<p style=\"padding-left: 20px;\">\n\t1) Administrator (danych osobowych) \u2013 to Krystian Kachel prowadz\u0105cy dzia\u0142alno\u015b\u0107 gospodarcz\u0105 pod firm\u0105 AKA-MED Sklep Medyczny Krystian Kachel z siedzib\u0105 w Gliwicach, 44-100, przy ul. Zygmunta Starego nr 18, REGON 382022468;<br \/>\n2) dane osobowe \u2013 to wszelkie informacje o zidentyfikowanej lub mo\u017cliwej do zidentyfikowania osobie fizycznej (osobie, kt\u00f3rej dane dotycz\u0105); mo\u017cliwa do zidentyfikowania osoba fizyczna to osoba, kt\u00f3r\u0105 mo\u017cna bezpo\u015brednio lub po\u015brednio zidentyfikowa\u0107, w szczeg\u00f3lno\u015bci na podstawie identyfikatora takiego jak imi\u0119 i nazwisko, numer identyfikacyjny, dane o lokalizacji, identyfikator internetowy lub jeden b\u0105d\u017a kilka szczeg\u00f3lnych czynnik\u00f3w okre\u015blaj\u0105cych fizyczn\u0105, fizjologiczn\u0105, genetyczn\u0105, psychiczn\u0105, ekonomiczn\u0105, kulturow\u0105 lub spo\u0142eczn\u0105 to\u017csamo\u015b\u0107 osoby fizycznej;<br \/>\n3) przetwarzanie \u2013 to operacja lub zestaw operacji wykonywanych na danych osobowych lub zestawach danych osobowych w spos\u00f3b zautomatyzowany lub niezautomatyzowany, tak\u0105 jak zbieranie, utrwalanie, organizowanie, porz\u0105dkowanie, przechowywanie, adaptowanie lub modyfikowanie, pobieranie, przegl\u0105danie, wykorzystywanie, ujawnianie poprzez przes\u0142anie, rozpowszechnianie lub innego rodzaju udost\u0119pnianie, dopasowywanie lub \u0142\u0105czenie, ograniczanie, usuwanie lub niszczenie;<br \/>\n4) U\u017cytkownik \u2013 to osoba odwiedzaj\u0105ca lub korzystaj\u0105ca z serwisu internetowego Administratora;<br \/>\n5) pliki cookies \u2013 to dane informatyczne, w szczeg\u00f3lno\u015bci pliki tekstowe, przechowywane na urz\u0105dzeniach ko\u0144cowych U\u017cytkownik\u00f3w takich jak w szczeg\u00f3lno\u015bci komputer, telefon, tablet, smartphone i przesy\u0142ane przez serwisy internetowe.<\/p>\n<p>B. Akty prawne<br \/>\nU\u017cyty w Polityce Cookies skr\u00f3t RODO oznacza Rozporz\u0105dzenie Parlamentu Europejskiego i Rady (UE) 2016\/679 z dnia 27 kwietnia 2016 r. w sprawie ochrony os\u00f3b fizycznych w zwi\u0105zku z przetwarzaniem danych osobowych i w sprawie swobodnego przep\u0142ywu takich danych oraz uchylenia dyrektywy 95\/46\/WE (og\u00f3lne rozporz\u0105dzenie o ochronie danych) (Dz. U. UE. L. z 2016 r. Nr 119, str. 1 z p\u00f3\u017an. zm.).<\/p>\n<h2>IV. CEL STOSOWANIA PLIK\u00d3W COOKIES<\/h2>\n<p>Pliki Cookies u\u017cywane s\u0105 w szczeg\u00f3lno\u015bci w celu:<\/p>\n<p style=\"padding-left: 20px;\">\n\t1) dostosowania zawarto\u015bci serwisu internetowego Administratora do preferencji i urz\u0105dzenia ko\u0144cowego U\u017cytkownika oraz optymalizacji korzystania ze serwisu internetowego. Pliki te umo\u017cliwiaj\u0105 zapisanie wybor\u00f3w U\u017cytkownika co do j\u0119zyka, przegl\u0105darki, ustawie\u0144 wybranych element\u00f3w serwisu internetowego, a tak\u017ce zapisanie informacji o lokalizacji U\u017cytkownika;<br \/>\n2) tworzenia anonimowych, zagregowanych statystyk, kt\u00f3re pomagaj\u0105 zrozumie\u0107, w jaki spos\u00f3b U\u017cytkownik korzysta z serwisu internetowego Administratora, co umo\u017cliwia ulepszanie ich struktury i zawarto\u015bci, z wy\u0142\u0105czeniem personalnej identyfikacji U\u017cytkownika. Pliki cookies pomagaj\u0105 te\u017c zapewni\u0107 dopracowanie i sprawne dzia\u0142anie serwisu internetowego Administratora, w tym badanie ich wydajno\u015bci;<br \/>\n3) utrzymania sesji U\u017cytkownika serwisu internetowego.<\/p>\n<h2>V. RODZAJE PLIK\u00d3W COOKIES<\/h2>\n<p>A. Informacje og\u00f3lne<br \/>\nAdministrator stosuje, co do zasady, dwa rodzaje plik\u00f3w cookies \u2013 \u201esesyjne\u201d oraz \u201esta\u0142e\u201d. Pierwsze z nich s\u0105 plikami tymczasowymi, kt\u00f3re pozostaj\u0105 na urz\u0105dzeniu U\u017cytkownika, a\u017c do wylogowania z serwisu internetowego lub wy\u0142\u0105czenia oprogramowania (przegl\u0105darki internetowej). \u201eSta\u0142e\u201d pliki pozostaj\u0105 na urz\u0105dzeniu U\u017cytkownika przez czas okre\u015blony w parametrach plik\u00f3w cookies albo do momentu ich r\u0119cznego usuni\u0119cia przez U\u017cytkownika.<\/p>\n<p>B. Niezb\u0119dno\u015b\u0107 do realizacji us\u0142ugi<br \/>\nW celu zapewnienia realizacji us\u0142ug serwisu internetowego Administrator stosuje nast\u0119puj\u0105ce ich rodzaje:<\/p>\n<p style=\"padding-left: 20px;\">\n\t1) niezb\u0119dne \u2013 kt\u00f3re s\u0105 absolutnie niezb\u0119dne do prawid\u0142owego funkcjonowania serwisu internetowego Administratora lub funkcjonalno\u015bci z kt\u00f3rych U\u017cytkownik chce skorzysta\u0107;<br \/>\n2) funkcjonalne \u2013 kt\u00f3re s\u0105 wa\u017cne dla dzia\u0142ania serwisu internetowego Administratora, gdy\u017c:<br \/>\na) s\u0142u\u017c\u0105 wzbogaceniu funkcjonalno\u015bci serwisu internetowego Administratora; bez nich serwis internetowy b\u0119dzie dzia\u0142a\u0142 poprawnie, jednak nie b\u0119dzie dostosowany do preferencji U\u017cytkownika;<br \/>\nb) s\u0142u\u017c\u0105 zapewnieniu wysokiego poziomu funkcjonalno\u015bci serwisu internetowego Administratora; bez nich mo\u017ce obni\u017cy\u0107 si\u0119 poziom funkcjonalno\u015bci serwisu internetowego, ale ich brak nie powinien uniemo\u017cliwi\u0107 zupe\u0142nego korzystania z nich;<br \/>\nc) s\u0142u\u017c\u0105 wi\u0119kszo\u015bci funkcjonalno\u015bci serwisu internetowego Administratora; ich zablokowanie spowoduje, \u017ce wybrane funkcje nie b\u0119d\u0105 dzia\u0142a\u0107 prawid\u0142owo.<\/p>\n<p>C. Czas umieszczenia plik\u00f3w cookies na urz\u0105dzeniu ko\u0144cowym U\u017cytkownika<br \/>\nZe wzgl\u0119du na czas przez jaki pliki cookies b\u0119d\u0105 umieszczone na urz\u0105dzeniu ko\u0144cowym U\u017cytkownika, Administrator stosuje nast\u0119puj\u0105ce ich rodzaje:<\/p>\n<p style=\"padding-left: 20px;\">\n\t1) cookies sesyjne (session cookies) \u2013 kt\u00f3re s\u0105 umieszczone na czas korzystania z przegl\u0105darki (sesji) i s\u0105 wykasowane po jej zamkni\u0119ciu lub wylogowaniu si\u0119 z serwisu internetowego;<br \/>\n2) cookies sta\u0142e (persistent cookies) \u2013 kt\u00f3re nie s\u0105 kasowane po zamkni\u0119ciu przegl\u0105darki i pozostaj\u0105 na urz\u0105dzeniu U\u017cytkownika na okre\u015blony czas lub bez okresu wa\u017cno\u015bci, w zale\u017cno\u015bci od ustawie\u0144 w\u0142a\u015bciciela serwisu internetowego.<\/p>\n<p>D. Pochodzenie plik\u00f3w cookies<br \/>\nZe wzgl\u0119du na pochodzenie administratora serwisu internetowego, kt\u00f3ry zarz\u0105dza plikami cookies Administrator stosuje nast\u0119puj\u0105ce ich rodzaje:<\/p>\n<p style=\"padding-left: 20px;\">\n\t1) cookies w\u0142asne (first party cookies) \u2013 kt\u00f3re s\u0105 umieszczone na serwisach internetowych bezpo\u015brednio przez Administratora;<br \/>\n2) cookies zewn\u0119trzne (third-party cookies) &#8211; kt\u00f3re s\u0105 umieszczane na serwisie internetowym przez podmioty inne ni\u017c Administrator.<\/p>\n<p>E. Cel plik\u00f3w cookies<br \/>\nZe wzgl\u0119du na cel jakiemu s\u0142u\u017c\u0105 pliki cookies Administrator stosuje nast\u0119puj\u0105ce ich rodzaje:<\/p>\n<p style=\"padding-left: 20px;\">\n\t1) konfiguracji stron internetowych \u2013 kt\u00f3re umo\u017cliwiaj\u0105 ustawienia funkcji i us\u0142ug na serwisie internetowm Administratora;<br \/>\n2) bezpiecze\u0144stwo i niezawodno\u015b\u0107 stron internetowych \u2013 kt\u00f3re umo\u017cliwiaj\u0105 weryfikacj\u0119 autentyczno\u015bci oraz optymalizacj\u0119 wydajno\u015bci serwisu internetowego Administratora;<br \/>\n3) stan sesji \u2013 kt\u00f3re umo\u017cliwiaj\u0105 zapisywanie informacji o tym, jak U\u017cytkownik korzysta z serwisu internetowego Administratora. Mog\u0105 one dotyczy\u0107 najcz\u0119\u015bciej odwiedzanych stron serwisu internetowego lub ewentualnych komunikat\u00f3w o b\u0142\u0119dach wy\u015bwietlanych na niekt\u00f3rych serwisach. Pliki cookies s\u0142u\u017c\u0105ce do zapisywania tzw. \u201estanu sesji\u201d pomagaj\u0105 ulepsza\u0107 us\u0142ugi i zwi\u0119ksza\u0107 komfort przegl\u0105dania serwisu;<br \/>\n4) procesy \u2013 kt\u00f3re umo\u017cliwiaj\u0105 sprawne dzia\u0142anie serwisu internetowego Administratora oraz dost\u0119pnych na nich funkcji;<br \/>\n5) lokalizacja \u2013 kt\u00f3re umo\u017cliwiaj\u0105 dostosowanie wy\u015bwietlanych informacji do lokalizacji U\u017cytkownika,<br \/>\n6) analizy i badania, audyt ogl\u0105dalno\u015bci \u2013 kt\u00f3re umo\u017cliwiaj\u0105 lepiej zrozumie\u0107 preferencje U\u017cytkownika i poprzez analiz\u0119 ulepsza\u0107 i rozwija\u0107 produkty i us\u0142ugi Administratora. W takim przypadku mog\u0105 by\u0107 zbierane anonimowo informacje na temat trend\u00f3w, bez identyfikowania danych osobowych U\u017cytkownika.<\/p>\n<p>F. Ingerencja plik\u00f3w cookies w prywatno\u015b\u0107 U\u017cytkownika<\/p>\n<p>Ze wzgl\u0119du na ingerencj\u0119 plik\u00f3w cookies w prywatno\u015b\u0107 U\u017cytkownika<br \/>\nAdministrator stosuje nast\u0119puj\u0105ce ich rodzaje:<\/p>\n<p style=\"padding-left: 20px;\">\n\t1) nieszkodliwe \u2013 kt\u00f3re obejmuj\u0105 pliki cookies:<br \/>\na) niezb\u0119dne do poprawnego dzia\u0142ania serwisu internetowego Administratora,<br \/>\nb) potrzebne do umo\u017cliwienia dzia\u0142ania funkcjonalno\u015bci serwisu internetowego Administratora, jednak ich dzia\u0142anie nie ma nic wsp\u00f3lnego ze \u015bledzeniem U\u017cytkownika;<br \/>\n2) badaj\u0105ce &#8211; wykorzystywane do \u015bledzenia U\u017cytkownik\u00f3w, jednak nieobejmuj\u0105ce informacji pozwalaj\u0105cych (bez innych danych) zidentyfikowa\u0107 konkretnego U\u017cytkownika.<\/p>\n<h2>VI. PLIKI COOKIES A DANE OSOBOWE<\/h2>\n<p>1. Pliki cookies, co do zasady, nie stanowi\u0105 danych osobowych, jednak pewne informacje przechowywane w takich plikach (np. co do preferencji) w po\u0142\u0105czeniu z innymi informacjami o U\u017cytkowniku serwisu internetowego Administratora, s\u0105 traktowane jako dane osobowe.<br \/>\n2. Dane osobowe gromadzone przy u\u017cyciu plik\u00f3w cookies mog\u0105 by\u0107 przetwarzane wy\u0142\u0105cznie w celu wykonywania opisanych powy\u017cej okre\u015blonych funkcji na rzecz U\u017cytkownika. Takie dane s\u0105 zaszyfrowane w spos\u00f3b uniemo\u017cliwiaj\u0105cy dost\u0119p do nich osobom nieuprawnionym.<\/p>\n<h2>VII. USUWANIE PLIK\u00d3W COOKIES<\/h2>\n<p>1. Uprawnienie Administratora do przechowywania i uzyskiwania dost\u0119pu  do plik\u00f3w cookies wynika ze zgody wyra\u017conej przez U\u017cytkownika serwisu internetowego Administratora. Zgoda ta wyra\u017cana jest przez U\u017cytkownika podczas dokonywania konfiguracji przegl\u0105darki internetowej lub wybranej strony internetowej lub us\u0142ugi. U\u017cytkownik ma mo\u017cliwo\u015b\u0107 powrotu do tych ustawie\u0144 w ka\u017cdej chwili i okre\u015blenia warunk\u00f3w przechowywania lub uzyskiwania dost\u0119pu do tych informacji przez Administratora.<br \/>\n2. Oprogramowanie s\u0142u\u017c\u0105ce do przegl\u0105dania stron internetowych domy\u015blnie dopuszcza umieszczanie plik\u00f3w cookies na urz\u0105dzeniu ko\u0144cowym U\u017cytkownika. Ustawienia te mog\u0105 zosta\u0107 zmienione w taki spos\u00f3b, aby blokowa\u0107 automatyczn\u0105 obs\u0142ug\u0119 plik\u00f3w cookies w ustawieniach przegl\u0105darki internetowej b\u0105d\u017a informowa\u0107 o ich ka\u017cdorazowym przes\u0142aniu na urz\u0105dzenie U\u017cytkownika. Poni\u017cej znajduj\u0105 si\u0119 odno\u015bniki do stron r\u00f3\u017cnych przegl\u0105darek z instrukcjami<br \/>\ndotycz\u0105cymi plik\u00f3w cookies, w tym sposob\u00f3w ich usuwania:<\/p>\n<p style=\"padding-left: 20px;\">\n1) Android,<br \/>\n<a href=\"https:\/\/support.google.com\/chrome\/answer\/95647?co=GENIE.Platform%3DDesktop&amp;hl=pl\">2) Chrome,<\/a><br \/>\n<a href=\"https:\/\/support.mozilla.org\/pl\/kb\/usuwanie-ciasteczek-i-danych-stron-firefox?redirectlocale=pl&amp;redirectslug=usuwanie-ciasteczek\">3) Firefox,<\/a><br \/>\n<a href=\"https:\/\/support.apple.com\/pl-pl\/guide\/safari\/sfri11471\/mac\">4) Safari,<\/a><br \/>\n5) Safari (iOS),<br \/>\n<a href=\"https:\/\/support.microsoft.com\/pl-pl\/help\/10607\/microsoft-edge-view-delete-browser-history\">6) Edge,<\/a><br \/>\n<a href=\"https:\/\/support.microsoft.com\/pl-pl\/help\/278835\/how-to-delete-cookie-files-in-internet-explorer\">7) Internet Explorer,<\/a><br \/>\n<a href=\"https:\/\/help.opera.com\/pl\/latest\/web-preferences\/#cookies\">8) Opera,<\/a><br \/>\n9) Windows Phone,<br \/>\n10) Blackberry.<\/p>\n<p>3. Aby skorzysta\u0107 z prawa sprzeciwu, kt\u00f3re przyznaje Rozporz\u0105dzenie RODO, konieczne jest wylogowanie si\u0119 ze wszystkich urz\u0105dze\u0144 i usuni\u0119cie z nich plik\u00f3w cookies. Proces aktualizacji mo\u017ce potrwa\u0107 do 48 godzin.<br \/>\n4. Ograniczenie stosowania plik\u00f3w cookies, mo\u017ce wp\u0142yn\u0105\u0107 na niekt\u00f3re funkcjonalno\u015bci dost\u0119pne na serwisach internetowych Administratora.<\/p>\n<h2>VIII. LOGI SYSTEMOWE<\/h2>\n<p>1. Informacje o niekt\u00f3rych zachowaniach U\u017cytkownika podlegaj\u0105 logowaniu w warstwie serwerowej. Dane te s\u0105 wykorzystywane wy\u0142\u0105cznie w celu administrowania serwisem oraz w celu zapewnienia jak najbardziej sprawnej obs\u0142ugi \u015bwiadczonych us\u0142ug hostingowych na rzecz Administratora.<br \/>\n2. Przegl\u0105dane zasoby identyfikowane s\u0105 poprzez adresy URL. Ponadto zapisowi mog\u0105 podlega\u0107:<\/p>\n<p style=\"padding-left: 20px;\">\n\t1) czas nadej\u015bcia zapytania;<br \/>\n2) czas wys\u0142ania odpowiedzi;<br \/>\n3) nazw\u0119 stacji U\u017cytkownika \u2013 identyfikacja realizowana przez protok\u00f3\u0142 HTTPS;<br \/>\n4) informacje o b\u0142\u0119dach jakie nast\u0105pi\u0142y przy realizacji transakcji HTTPS;<br \/>\n5) adres URL strony poprzednio odwiedzanej przez U\u017cytkownika (referer link) \u2013 w przypadku gdy przej\u015bcie do Serwisu nast\u0105pi\u0142o przez odno\u015bnik;<br \/>\n6) informacje o przegl\u0105darce U\u017cytkownika;<br \/>\n7) Informacje o adresie IP;<\/p>\n<p>3. Powy\u017csze dane nie s\u0105 kojarzone z konkretnymi osobami przegl\u0105daj\u0105cymi serwisy internetowe Administratora.<br \/>\n4. Powy\u017csze dane s\u0105 wykorzystywane jedynie dla cel\u00f3w administrowania serwerem.<\/p>\n<h2>IX. HISTORIA PRZEGL\u0104DU I ZMIAN DOKUMENTU<\/h2>\n<p>Lp. Data zmiany Miejsce zmiany  Opis zmiany<br \/>\n1. 01.02.2020 r. Ca\u0142y dokument  Pierwsze wydanie<\/p>\n","protected":false},"excerpt":{"rendered":"<p>I. INFORMACJE OG\u00d3LNE 1. Polityka Cookies okre\u015bla zasady wykorzystywania plik\u00f3w cookies, a nadto sposoby przetwarzania informacji o U\u017cytkowniku za ich pomoc\u0105. 2. Wydawc\u0105 i administratorem<\/p>\n<div class=\"read-more-wrapper\"><a class=\"link small\" href=\"https:\/\/aka-med.com.pl\/?page_id=515\" role=\"button\">Read more<span class=\"nc-icon-glyph arrows-1_bold-right\"><\/span><\/a><\/div>\n","protected":false},"author":1,"featured_media":0,"parent":0,"menu_order":0,"comment_status":"closed","ping_status":"closed","template":"","meta":{"footnotes":""},"class_list":["post-515","page","type-page","status-publish","hentry"],"_links":{"self":[{"href":"https:\/\/aka-med.com.pl\/index.php?rest_route=\/wp\/v2\/pages\/515","targetHints":{"allow":["GET"]}}],"collection":[{"href":"https:\/\/aka-med.com.pl\/index.php?rest_route=\/wp\/v2\/pages"}],"about":[{"href":"https:\/\/aka-med.com.pl\/index.php?rest_route=\/wp\/v2\/types\/page"}],"author":[{"embeddable":true,"href":"https:\/\/aka-med.com.pl\/index.php?rest_route=\/wp\/v2\/users\/1"}],"replies":[{"embeddable":true,"href":"https:\/\/aka-med.com.pl\/index.php?rest_route=%2Fwp%2Fv2%2Fcomments&post=515"}],"version-history":[{"count":7,"href":"https:\/\/aka-med.com.pl\/index.php?rest_route=\/wp\/v2\/pages\/515\/revisions"}],"predecessor-version":[{"id":523,"href":"https:\/\/aka-med.com.pl\/index.php?rest_route=\/wp\/v2\/pages\/515\/revisions\/523"}],"wp:attachment":[{"href":"https:\/\/aka-med.com.pl\/index.php?rest_route=%2Fwp%2Fv2%2Fmedia&parent=515"}],"curies":[{"name":"wp","href":"https:\/\/api.w.org\/{rel}","templated":true}]}}