{"id":488,"date":"2020-02-26T12:00:29","date_gmt":"2020-02-26T11:00:29","guid":{"rendered":"http:\/\/lviouts.cluster026.hosting.ovh.net\/?page_id=488"},"modified":"2020-02-27T21:44:58","modified_gmt":"2020-02-27T20:44:58","slug":"polityka-prywatnosci","status":"publish","type":"page","link":"https:\/\/aka-med.com.pl\/?page_id=488","title":{"rendered":"Polityka prywatno\u015bci"},"content":{"rendered":"<h2>I. INFORMACJE OG\u00d3LNE<\/h2>\n<p>1. Polityka Prywatno\u015bci zawiera informacje o celach i sposobach przetwarzania przez Administratora danych osobowych os\u00f3b odwiedzaj\u0105cych serwis internetowy www.aka-med.com.pl.<br \/>\n2. Wydawc\u0105 i administratorem serwisu internetowego jest Administrator.<br \/>\n3. W Polityce Prywatno\u015bci Administrator, przywi\u0105zuj\u0105c szczeg\u00f3ln\u0105 wag\u0119 do poszanowania prywatno\u015bci os\u00f3b odwiedzaj\u0105cych (korzystaj\u0105cych) z jego serwisu internetowego, okre\u015bla r\u00f3wnie\u017c szczeg\u00f3\u0142owe zasady, w oparciu o kt\u00f3re przetwarzane s\u0105 w nim dane osobowe.<\/p>\n<h2>II.\tCELE POLITYKI<\/h2>\n<p>1.Celem Polityki jest:<\/p>\n<p style=\"padding-left: 20px;\">\n1) u\u015bwiadomienie U\u017cytkownika, w jakim zakresie s\u0105 przetwarzane jego dane osobowe, tak aby U\u017cytkownik m\u00f3g\u0142 samodzielnie, swobodnie i \u015bwiadomie decydowa\u0107 o tym, czy odwiedza (korzysta) z serwisu internetowego Administratora;<br \/>\n2) og\u00f3lne okre\u015blenie, w jaki spos\u00f3b i w jakim zakresie Administrator zbiera dane osobowe U\u017cytkownika oraz do jakich cel\u00f3w te dane wykorzystuje;<br \/>\n3) poinformowanie U\u017cytkownika o przys\u0142uguj\u0105cych mu prawach zgodnie z obowi\u0105zuj\u0105cymi przepisami o ochronie danych osobowych;<br \/>\n4) okre\u015blenie zasad bezpiecze\u0144stwa danych osobowych.<\/p>\n<p>2. Maj\u0105c na wzgl\u0119dzie zaufanie U\u017cytkownika serwisu internetowego Administratora, Administrator przyk\u0142ada nale\u017cyt\u0105 staranno\u015b\u0107 do tego, aby dane by\u0142y przetwarzane w spos\u00f3b bezpieczny, rzetelny, zgodny z prawem oraz przejrzysty dla U\u017cytkownika.<\/p>\n<h2>III. S\u0141OWNIK<\/h2>\n<p>A. Wyra\u017cenia i terminy<\/p>\n<p style=\"padding-left: 20px;\">\nWyra\u017cenia i terminy u\u017cyte w Polityce Prywatno\u015bci maj\u0105 znaczenie nadane im jak poni\u017cej:<br \/>\n1) Administrator (danych osobowych) \u2013 to Krystian Kachel prowadz\u0105cy dzia\u0142alno\u015b\u0107 gospodarcz\u0105 pod firm\u0105 AKA-MED. Sklep Medyczny Krystian Kachel z siedzib\u0105 w Gliwicach, 44-100, przy ul. Zygmunta Starego nr 18, REGON 382022468;<br \/>\n2) dane osobowe \u2013 to wszelkie informacje o zidentyfikowanej lub mo\u017cliwej do zidentyfikowania osobie fizycznej (osobie, kt\u00f3rej dane dotycz\u0105); mo\u017cliwa do zidentyfikowania osoba fizyczna to osoba, kt\u00f3r\u0105 mo\u017cna bezpo\u015brednio lub po\u015brednio zidentyfikowa\u0107, w szczeg\u00f3lno\u015bci na podstawie identyfikatora takiego jak imi\u0119 i nazwisko, numer identyfikacyjny, dane o lokalizacji, identyfikator internetowy lub jeden b\u0105d\u017a kilka szczeg\u00f3lnych czynnik\u00f3w okre\u015blaj\u0105cych fizyczn\u0105, fizjologiczn\u0105, genetyczn\u0105, psychiczn\u0105, ekonomiczn\u0105, kulturow\u0105 lub spo\u0142eczn\u0105 to\u017csamo\u015b\u0107 osoby fizycznej;<br \/>\n3) przetwarzanie \u2013 to operacja lub zestaw operacji wykonywanych na danych osobowych lub zestawach danych osobowych w spos\u00f3b zautomatyzowany lub niezautomatyzowany, taka jak zbieranie, utrwalanie, organizowanie, porz\u0105dkowanie, przechowywanie, adaptowanie lub modyfikowanie, pobieranie, przegl\u0105danie, wykorzystywanie, ujawnianie poprzez przes\u0142anie, rozpowszechnianie lub innego rodzaju udost\u0119pnianie, dopasowywanie lub \u0142\u0105czenie, ograniczanie, usuwanie lub niszczenie;<br \/>\n4) U\u017cytkownik \u2013 to osoba odwiedzaj\u0105ca lub korzystaj\u0105ca z serwisu internetowego Administratora.<\/p>\n<p>B. Akty prawne<br \/>\nU\u017cyty w Polityce Prywatno\u015bci skr\u00f3t Rozporz\u0105dzenie RODO oznacza Rozporz\u0105dzenie Parlamentu Europejskiego i Rady (UE) 2016\/679 z dnia 27 kwietnia 2016 r. w sprawie ochrony os\u00f3b fizycznych w zwi\u0105zku z przetwarzaniem danych osobowych i w sprawie swobodnego przep\u0142ywu takich danych oraz uchylenia dyrektywy 95\/46\/WE (og\u00f3lne rozporz\u0105dzenie o ochronie danych) (Dz. U. UE. L. z 2016 r. Nr 119, str. 1 z p\u00f3\u017an. zm.).<\/p>\n<h2>IV. ZASADY PRZETWARZANIA DANYCH OSOBOWYCH<\/h2>\n<p>1. Administrator podejmuje techniczne i organizacyjne \u015brodki s\u0142u\u017c\u0105ce ochronie danych osobowych przed bezprawnym, w szczeg\u00f3lno\u015bci nieautoryzowanym dost\u0119pem lub wykorzystaniem ich, jak r\u00f3wnie\u017c przed przypadkowym ich zniszczeniem, utrat\u0105 lub naruszeniem integralno\u015bci.<br \/>\n2. W celu zapewniania bezpiecze\u0144stwa przetwarzanych danych osobowych uwzgl\u0119dnienia si\u0119 nast\u0119puj\u0105ce atrybuty bezpiecze\u0144stwa, tj.:<\/p>\n<p style=\"padding-left: 20px;\">\n1) poufno\u015b\u0107 \u2013 rozumiana jako ochrona danych osobowych przed przypadkowym ujawnieniem ich osobom nieuprawnionym,<br \/>\n2) integralno\u015b\u0107 \u2013 rozumiana jako ochrona danych osobowych przed ich nieuprawnion\u0105 modyfikacj\u0105,<br \/>\n3) dost\u0119pno\u015bci \u2013 rozumiana jako zapewnienie dost\u0119pu do danych osobowych, je\u017celi wyst\u0105pi taka potrzeba.<\/p>\n<p>3. Ka\u017cda osoba wykonuj\u0105ca prac\u0119 b\u0105d\u017a \u015bwiadcz\u0105ca us\u0142ugi na rzecz Administratora i maj\u0105ca dost\u0119p do danych osobowych dysponuje odpowiednim upowa\u017cnieniem i jest zobowi\u0105zana do zachowania poufno\u015bci.<br \/>\n4. Dane osobowe, kt\u00f3re U\u017cytkownik przekazuje Administratorowi w zwi\u0105zku z korzystaniem serwisu internetowego Administratora s\u0105 szyfrowane i chronione za pomoc\u0105 certyfikatu SSL.<br \/>\n5. W zwi\u0105zku z przetwarzaniem danych osobowych U\u017cytkownika Administrator kieruje si\u0119 nast\u0119puj\u0105cymi zasadami:<\/p>\n<p style=\"padding-left: 20px;\">\n1) zgodno\u015bci z prawem &#8211; co oznacza, \u017ce dane osobowe U\u017cytkownika s\u0105 przetwarzane z poszanowaniem przes\u0142anek legalno\u015bci wynikaj\u0105cych z art. 6, art. 9 i art. 10 Rozporz\u0105dzenia RODO;<br \/>\n2) rzetelno\u015bci i przejrzysto\u015bci &#8211; co oznacza, \u017ce dane osobowe s\u0105 przetwarzane rzetelnie i w spos\u00f3b przejrzysty dla U\u017cytkownika, w szczeg\u00f3lno\u015bci poprzez prawid\u0142ow\u0105 realizacj\u0119 obowi\u0105zk\u00f3w informacyjnych;<br \/>\n3) ograniczenia celu przetwarzania danych &#8211; co oznacza, \u017ce dane osobowe U\u017cytkownika s\u0105 zbierane w konkretnych, wyra\u017anych i prawnie uzasadnionych celach i nieprzetwarzane dalej w spos\u00f3b niezgodny z tymi celami, przy czym dalsze przetwarzanie do cel\u00f3w archiwalnych w interesie publicznym, do cel\u00f3w bada\u0144 naukowych lub historycznych lub do cel\u00f3w statystycznych nie jest uznawane za niezgodne z pierwotnymi celami;<br \/>\n4) minimalizacji danych &#8211; co oznacza, \u017ce dane osobowe U\u017cytkownika s\u0105 przetwarzane w spos\u00f3b adekwatny, stosowny oraz ograniczony do tego, co niezb\u0119dne do cel\u00f3w, w kt\u00f3rych s\u0105 przetwarzane;<br \/>\n5) prawid\u0142owo\u015bci &#8211; co oznacza, \u017ce dane osobowe U\u017cytkownika musz\u0105 by\u0107 prawid\u0142owe i w razie potrzeby uaktualniane, tym samym dane osobowe, kt\u00f3re s\u0105 nieprawid\u0142owe w \u015bwietle cel\u00f3w ich przetwarzania, zostaj\u0105 niezw\u0142ocznie usuni\u0119te lub sprostowane;<br \/>\n6) ograniczenia przechowywania &#8211; co oznacza, \u017ce dane osobowe U\u017cytkownika musz\u0105 by\u0107 przechowywane w formie umo\u017cliwiaj\u0105cej identyfikacj\u0119 U\u017cytkownika, przez okres nie d\u0142u\u017cszy, ni\u017c jest to niezb\u0119dne do cel\u00f3w, w kt\u00f3rych dane te s\u0105 przetwarzane, z zastrze\u017ceniem \u017ce wdro\u017cone s\u0105 \u015brodki techniczne i organizacyjne wymagane na mocy Rozporz\u0105dzenia RODO w celu ochrony praw i wolno\u015bci U\u017cytkownika oraz z zastrze\u017ceniem, \u017ce dane osobowe mo\u017cna przechowywa\u0107 przez okres d\u0142u\u017cszy, o ile b\u0119d\u0105 one przetwarzane wy\u0142\u0105cznie do cel\u00f3w archiwalnych w interesie publicznym, do cel\u00f3w bada\u0144 naukowych lub historycznych lub do cel\u00f3w statystycznych;<br \/>\n7) integralno\u015bci i poufno\u015bci &#8211; co oznacza, \u017ce dane osobowe U\u017cytkownika musz\u0105 by\u0107 przetwarzane w spos\u00f3b zapewniaj\u0105cy odpowiednie ich bezpiecze\u0144stwo, w tym ochron\u0119 przed niedozwolonym lub niezgodnym z prawem przetwarzaniem oraz przypadkow\u0105 utrat\u0105, zniszczeniem lub uszkodzeniem;<br \/>\n8) dost\u0119pno\u015bci &#8211; co oznacza, \u017ce dane osobowe U\u017cytkownika musz\u0105 by\u0107 zabezpieczone przed ich zniszczeniem, a dzia\u0142anie serwisu internetowego Administratora i powi\u0105zanych z nimi us\u0142ug ma zapewni\u0107, aby dane osobowe by\u0142y dost\u0119pne dla os\u00f3b upowa\u017cnionych wtedy, gdy je potrzebuj\u0105 lub w odpowiednim do potrzeb czasie.<\/p>\n<h2>V. INFORMACJA O PRZETWARZANIU DANYCH OSOBOWYCH<\/h2>\n<p>A. Dane kontaktowe<\/p>\n<p>1. Administratorem danych osobowych jest Krystian Kachel prowadz\u0105cy dzia\u0142alno\u015b\u0107 gospodarcz\u0105 pod firm\u0105 AKA-MED. Sklep Medyczny Krystian Kachel z siedzib\u0105 w Gliwicach, 44-100, przy ul. Zygmunta Starego nr 18, REGON 382022468, z kt\u00f3rym mo\u017cna skontaktowa\u0107 si\u0119:<\/p>\n<p style=\"padding-left: 20px;\">\n1) na adresy e-mail: sklep@aka-med.com.pl oraz zory@aka-med.com.pl<br \/>\n2) na stronie www.aka-med.com.pl wykorzystuj\u0105c formularz kontaktowy,<br \/>\n3) pisemnie na adres siedziby Administratora.<\/p>\n<p>B. Cele i podstawy przetwarzania<\/p>\n<p>1. Administrator przetwarza dane osobowe U\u017cytkownika wy\u0142\u0105cznie w okre\u015blonych, jednoznacznych i zgodnych z prawem celach.<br \/>\n2. Administrator ka\u017cdorazowo informuje U\u017cytkownika w ramach osobnego komunikatu o tym, jaki jest cel i podstawa prawna przetwarzania danych osobowych.<br \/>\n3. Administrator przetwarza dane U\u017cytkownika na r\u00f3\u017cnych podstawach prawnych oraz w r\u00f3\u017cnych celach. Mo\u017ce by\u0107 tak, \u017ce w ramach jednego procesu przetwarzania danych, dane U\u017cytkownika b\u0119d\u0105 przetwarzane w r\u00f3\u017cnych celach i na r\u00f3\u017cnych podstawach prawnych.<br \/>\n4. W zale\u017cno\u015bci od tego jak\u0105 U\u017cytkownik wybierze form\u0119 i spos\u00f3b kontaktu z Administratorem poprzez podanie swoich danych, w taki spos\u00f3b Administrator b\u0119dzie si\u0119 z nim kontaktowa\u0142. Informacje mog\u0105 by\u0107 kierowane do U\u017cytkownika drog\u0105 mailow\u0105, telefoniczn\u0105, za pomoc\u0105 sms oraz innych \u015brodk\u00f3w komunikacji elektronicznej, je\u017celi zosta\u0142y Administratorowi podane.<\/p>\n<p style=\"padding-left: 20px;\">\nB.1.\tZgoda jako podstawa prawna<br \/>\n1) Zgoda mo\u017ce by\u0107 wyra\u017cona w wyniku aktywnego dzia\u0142ania U\u017cytkownika (np. poprzez wprowadzenie danych i wys\u0142anie formularza) albo poprzez konieczno\u015b\u0107 zaznaczenia checkboxa, je\u017celi taka us\u0142uga zostanie udost\u0119pniona. W obu przypadkach podstaw\u0105 przetwarzania jest art. 6 ust. 1 lit a) lub art. 9 ust. 2 lit) a) Rozporz\u0105dzenia RODO).<br \/>\n2) U\u017cytkownik mo\u017ce cofn\u0105\u0107 swoj\u0105 zgod\u0119 w ka\u017cdym przypadku w spos\u00f3b wskazany w informacji o przetwarzaniu danych osobowych, a tak\u017ce w spos\u00f3b okre\u015blony w ust. V lit. F Polityki Prywatno\u015bci.<br \/>\n3) Zgoda stanowi podstaw\u0119 prawn\u0105 w szczeg\u00f3lno\u015bci gdy U\u017cytkownik:<\/p>\n<p style=\"padding-left: 60px;\">\na) dobrowolnie podaje swoje dane Administratorowi,<br \/>\nb) zapisuje si\u0119 do bezp\u0142atnego newslettera Administratora drog\u0105 mailow\u0105 lub za po\u015brednictwem innych \u015brodk\u00f3w komunikacji elektronicznej, je\u017celi taka us\u0142uga zostanie uruchomiona,<br \/>\nc) wyra\u017ca dodatkowe zgody w celu marketingu przysz\u0142ego (bezpo\u015bredniego), polegaj\u0105cego w szczeg\u00f3lno\u015bci na:<br \/>\n\u2022 przesy\u0142aniu informacji o produktach i us\u0142ugach, jakie b\u0119d\u0105 podejmowane w ramach dzia\u0142alno\u015bci gospodarczej Administratora;<\/p>\n<p style=\"padding-left: 20px;\">\nB.2. Wykonanie umowy lub dzia\u0142anie zmierzaj\u0105ce do zawarcia umowy<br \/>\nPodstawa prawna w postaci umowy lub dzia\u0142a\u0144 zmierzaj\u0105cych do zawarcia umowy (art. 6 ust. 1 lit b) Rozporz\u0105dzenia RODO) ma zastosowanie w przypadku ch\u0119ci zawarcia przez U\u017cytkownika umowy w przedmiocie zakupu artyku\u0142\u00f3w zaopatrzenia medycznego.<\/p>\n<p style=\"padding-left: 20px;\">\nB.3. Spe\u0142nienie obowi\u0105zku prawnego le\u017c\u0105cego na Administratorze<br \/>\nPodstaw\u0105 przetwarzania danych osobowych przez Administratora mo\u017ce by\u0107:<\/p>\n<p style=\"padding-left: 40px;\">\n1) spe\u0142nienie obowi\u0105zku prawnego le\u017c\u0105cego na Administratorze (podstawa z art. 6 ust 1 lit. c Rozporz\u0105dzenia RODO), w szczeg\u00f3lno\u015bci w zwi\u0105zku z realizacj\u0105 obowi\u0105zk\u00f3w wynikaj\u0105cych z przepis\u00f3w prawa podatkowego, rachunkowego oraz w zwi\u0105zku z dofinansowaniem zakupu artyku\u0142\u00f3w zaopatrzenia medycznego przez Narodowy Fundusz Zdrowia<\/p>\n<p style=\"padding-left: 20px;\">\nB.4. Prawnie uzasadnione interesy Administratora<\/p>\n<p style=\"padding-left: 40px;\">\n1) Podstawa prawna w postaci prawnie uzasadnionych interes\u00f3w Administratora (art. 6 ust. 1 lit f) Rozporz\u0105dzenia RODO) ma zastosowanie w przypadku, gdy interesy lub podstawowe prawa i wolno\u015bci U\u017cytkownika nie maj\u0105 pierwsze\u0144stwa przed interesami Administratora.<br \/>\n2) Administrator mo\u017ce przetwarza\u0107 dane osobowe na podstawie uzasadnionych interes\u00f3w w szczeg\u00f3lno\u015bci w celu:<\/p>\n<p style=\"padding-left: 60px;\">\na) obs\u0142ugi zapyta\u0144 innych ni\u017c dotycz\u0105cych informacji marketingowych;<br \/>\nb) audytowania wewn\u0119trznego oraz dokonywania rozlicze\u0144 finansowych;<br \/>\nc) realizacji cel\u00f3w dowodowych, archiwalnych, oraz celem zabezpieczenia informacji na wypadek prawnej potrzeby wykazania fakt\u00f3w, ewentualnego ustalenia, dochodzenia lub obrony przed roszczeniami;<br \/>\nd) prowadzenia bada\u0144 analitycznych i statystycznych, \u017ceby zapewni\u0107 dba\u0142o\u015b\u0107 o jako\u015b\u0107 produkt\u00f3w Administratora, dokonywa\u0107 lepszego doboru produkt\u00f3w do potrzeb U\u017cytkownika, optymalizowa\u0107 produkty Administratora, optymalizowa\u0107 procesy obs\u0142ugi U\u017cytkownika, opracowywa\u0107 strategie marketingowe. W tym przypadku wynikiem przetwarzania mog\u0105 by\u0107 dane zbiorcze;<br \/>\ne) obs\u0142ugi reklamacji;<br \/>\nf) realizacji praw U\u017cytkownika, w szczeg\u00f3lno\u015bci prawa do prawid\u0142owo\u015bci danych, prawa do cofni\u0119cia zgody oraz przechowywania \u017c\u0105da\u0144 U\u017cytkownika oraz dowod\u00f3w na ich obs\u0142ug\u0119;<br \/>\ng) prowadzenia i zarz\u0105dzania serwisem internetowym Administratora,<br \/>\nh) prowadzenia pomiaru i ulepszania tre\u015bci serwisu internetowego Administratora.<\/p>\n<h2>VI. ZAUTOMATYZOWANE PODEJMOWANIE DECYZJI, W TYM PROFILOWANIEM<\/h2>\n<p>W zakresie prowadzonej dzia\u0142alno\u015bci gospodarczej Administratora nie dochodzi do zautomatyzowanego podejmowania decyzji wobec U\u017cytkownika, w tym profilowania, i wywo\u0142uj\u0105cego wobec U\u017cytkownika skutki prawne lub w podobny spos\u00f3b istotnie na U\u017cytkownika wp\u0142ywaj\u0105cego.<\/p>\n<h2>VII. PRZETWARZANIE DANYCH POZA EUROPEJSKIM OBSZAREM GOSPODARCZYM (EOG)<\/h2>\n<p>Je\u015bli w ramach przetwarzania dane osobowe U\u017cytkownika b\u0119d\u0105 przekazywane do odbiorc\u00f3w w krajach trzecich (poza EOG), np. w Stanach Zjednoczonych, takie przekazywanie danych mo\u017ce odbywa\u0107 si\u0119 na podstawie decyzji w sprawie odpowiedniego stopnia ochrony podj\u0119tej przez Komisj\u0119 Europejsk\u0105, tj. dla organizacji uczestnicz\u0105cych w programie Tarcza Prywatno\u015bci (Privacy Shield), lub na podstawie standardowych klauzul umownych zgodnie z decyzj\u0105 Komisji Europejskiej albo na podstawie wyra\u017anej zgody U\u017cytkownika.<\/p>\n<h2>VIII. PRZETWARZANIE DANYCH Z WYKORZYSTANIEM PLIK\u00d3W COOKIES ORAZ INNYCH TECHNOLOGII INTERNETOWYCH<\/h2>\n<p>1. W zwi\u0105zku z korzystaniem przez U\u017cytkownika z serwisu internetowego Administratora, Administrator gromadzi tak\u017ce dane zawarte w logach systemowych oraz plikach cookies.<br \/>\n2. Informacje na temat log\u00f3w systemowych oraz wykorzystywania plik\u00f3w cookies znajduj\u0105 si\u0119 w Polityce Cookies Administratora.<br \/>\n3. Na serwisie internetowym Administratora jest u\u017cywana wtyczka sieci spo\u0142eczno\u015bciowej Facebook typu \u201eLike\u201d, oznaczone za pomoc\u0105 powszechnie znanych ikony tej sieci. W tym celu na odpowiednich stronach umieszczany jest kod odwo\u0142uj\u0105cy si\u0119 do powy\u017cszej sieci. Tre\u015b\u0107 serwisu internetowego Administratora mo\u017ce zosta\u0107 przes\u0142ana na t\u0119 stron\u0119 lub do tej us\u0142ugi. W zale\u017cno\u015bci od ustawie\u0144 prywatno\u015bci U\u017cytkownika, mo\u017ce ona by\u0107 widoczna publicznie lub prywatnie (np. tylko dla znajomych, \u015bledz\u0105cych lub dla ka\u017cdego, kto wejdzie na profil U\u017cytkownika). Za pomoc\u0105 tej wtyczki U\u017cytkownik jako zalogowany u\u017cytkownik tego serwisu mo\u017ce udost\u0119pnia\u0107 w ramach tego serwisu stron\u0119, na kt\u00f3rej si\u0119 znajduje. Wtyczka zostanie jednak za\u0142adowana dopiero w\u00f3wczas, je\u017celi U\u017cytkownik zainstaluje odpowiedni\u0105 wtyczk\u0119 za pomoc\u0105 ikony aktywacyjnej. Zawarto\u015b\u0107 wtyczki b\u0119dzie w\u00f3wczas przekazywana przez odpowiedni serwis spo\u0142eczno\u015bciowy bezpo\u015brednio na U\u017cytkownika urz\u0105dzenie ko\u0144cowe i b\u0119dzie tam wy\u015bwietlana. W przypadku zaznaczenia odpowiedniej opcji wyboru, aktywacja ta b\u0119dzie obowi\u0105zywa\u0142a na sta\u0142e podczas odwiedzin serwisu internetowego Administratora. Bez u\u017cycia przez U\u017cytkownika wtyczki wtyczka pozostanie nieaktywna i nie zostanie utworzone po\u0142\u0105czenie z serwisem spo\u0142eczno\u015bciowym. Je\u017celi U\u017cytkownik aktywowa\u0142 u\u017cywanie wtyczki, w\u00f3wczas przetwarzamy nast\u0119puj\u0105ce dane i przekazujemy je do dostawcy wtyczki: (data i godzina dost\u0119pu, odwiedzona cz\u0119\u015b\u0107 naszego serwisu internetowego, adres IP, nazwa domeny).<br \/>\n4. Na serwisie internetowym Administratora znajduje si\u0119 tak\u017ce zewn\u0119trzny link do strony Administratora na Facebooku. Przy korzystaniu z tego linku U\u017cytkownik opuszcza serwis internetowy Administratora do kt\u00f3rego odnosi si\u0119 niniejsza Polityka.<br \/>\n5. Administrator nie ma kontroli nad tym, jakie dane gromadzi dostawca wtyczki lub strony serwisu spo\u0142eczno\u015bciowego i jak je przetwarza. Aby uzyska\u0107 informacje na temat celu i zakresu gromadzenia danych, w tym tak\u017ce plik\u00f3w cookies tam stosowanych, ich dalszego przetwarzania i wykorzystywania przez zewn\u0119trznych dostawc\u00f3w oraz przys\u0142uguj\u0105cych U\u017cytkownikom praw oraz opcji ustawie\u0144 ochrony prywatno\u015bci tych dostawc\u00f3w, U\u017cytkownik mo\u017ce zapozna\u0107 si\u0119 z informacj\u0105 o ochronie danych odpowiedniego dostawcy.<\/p>\n<h2>IX. ZMIANY POLITYKI PRYWATNO\u015aCI<\/h2>\n<p>1. Administrator zastrzega sobie prawo do wprowadzania zmian w Polityce Prywatno\u015bci, co mo\u017ce wynika\u0107 z potrzeby dostosowania do zmian w przepisach prawa czy obowi\u0105zuj\u0105cych standard\u00f3w prywatno\u015bci lub te\u017c rozszerzenia oferty.<br \/>\n2. O wszelkich zmianach w Polityce Prywatno\u015bci Administrator b\u0119dzie informowa\u0142a stosownym komunikatem na swoich serwisach internetowych.<\/p>\n<h2>X.\tHISTORIA PRZEGL\u0104DU I ZMIAN DOKUMENTU<\/h2>\n<p>Lp.\tData zmiany\tMiejsce zmiany\tOpis zmiany<br \/>\n1.\t02.01.2020 r.\tCa\u0142y dokument\tPierwsze wydanie<\/p>\n","protected":false},"excerpt":{"rendered":"<p>I. INFORMACJE OG\u00d3LNE 1. Polityka Prywatno\u015bci zawiera informacje o celach i sposobach przetwarzania przez Administratora danych osobowych os\u00f3b odwiedzaj\u0105cych serwis internetowy www.aka-med.com.pl. 2. Wydawc\u0105 i<\/p>\n<div class=\"read-more-wrapper\"><a class=\"link small\" href=\"https:\/\/aka-med.com.pl\/?page_id=488\" role=\"button\">Read more<span class=\"nc-icon-glyph arrows-1_bold-right\"><\/span><\/a><\/div>\n","protected":false},"author":1,"featured_media":0,"parent":0,"menu_order":0,"comment_status":"closed","ping_status":"closed","template":"","meta":{"footnotes":""},"class_list":["post-488","page","type-page","status-publish","hentry"],"_links":{"self":[{"href":"https:\/\/aka-med.com.pl\/index.php?rest_route=\/wp\/v2\/pages\/488","targetHints":{"allow":["GET"]}}],"collection":[{"href":"https:\/\/aka-med.com.pl\/index.php?rest_route=\/wp\/v2\/pages"}],"about":[{"href":"https:\/\/aka-med.com.pl\/index.php?rest_route=\/wp\/v2\/types\/page"}],"author":[{"embeddable":true,"href":"https:\/\/aka-med.com.pl\/index.php?rest_route=\/wp\/v2\/users\/1"}],"replies":[{"embeddable":true,"href":"https:\/\/aka-med.com.pl\/index.php?rest_route=%2Fwp%2Fv2%2Fcomments&post=488"}],"version-history":[{"count":20,"href":"https:\/\/aka-med.com.pl\/index.php?rest_route=\/wp\/v2\/pages\/488\/revisions"}],"predecessor-version":[{"id":551,"href":"https:\/\/aka-med.com.pl\/index.php?rest_route=\/wp\/v2\/pages\/488\/revisions\/551"}],"wp:attachment":[{"href":"https:\/\/aka-med.com.pl\/index.php?rest_route=%2Fwp%2Fv2%2Fmedia&parent=488"}],"curies":[{"name":"wp","href":"https:\/\/api.w.org\/{rel}","templated":true}]}}