{"id":2,"date":"2019-12-04T18:53:38","date_gmt":"2019-12-04T18:53:38","guid":{"rendered":"http:\/\/serwer1714752.home.pl\/autoinstalator\/wordpressplugins\/?page_id=2"},"modified":"2020-02-02T17:58:54","modified_gmt":"2020-02-02T16:58:54","slug":"przykladowa-strona","status":"publish","type":"page","link":"https:\/\/aka-med.com.pl\/?page_id=2","title":{"rendered":"O nas"},"content":{"rendered":"\n<center>\n<p style=\"width: 80% !important;\">\n\n<p style=\"text-align: left;\">Sklep medyczny AKA-MED powsta\u0142 w lutym 2019 r. Jest to miejsce, w kt\u00f3rym do\u015bwiadczony personel pomo\u017ce Pa\u0144stwu w zakupie r\u00f3\u017cnych  artyku\u0142\u00f3w zaopatrzenia medycznego. <br><br>W mi\u0142ej atmosferze i w profesjonalny spos\u00f3b pomo\u017cemy Pa\u0144stwu dobra\u0107 odpowiedni sprz\u0119t dobrej jako\u015bci oraz  doradzimy jak mo\u017cna uzyska\u0107 dofinansowanie z Narodowego Funduszu Zdrowia. <br><br>Dbamy o sw\u00f3j rozw\u00f3j, aby m\u00f3c oferowa\u0107 Pa\u0144stwu najlepsz\u0105 pomoc i us\u0142ugi na najwy\u017cszym poziomie.<\/p>\n\n<p style=\"margin-top: 50px;\">\n<img decoding=\"async\" src=\"wp-content\/uploads\/Layout\/zapraszamy.png\" style=\"height: 100px;\">\n<\/p>\n\n<\/p>\n<\/center>\n","protected":false},"excerpt":{"rendered":"<p>Sklep medyczny AKA-MED powsta\u0142 w lutym 2019 r. Jest to miejsce, w kt\u00f3rym do\u015bwiadczony personel pomo\u017ce Pa\u0144stwu w zakupie r\u00f3\u017cnych artyku\u0142\u00f3w zaopatrzenia medycznego. W mi\u0142ej<\/p>\n<div class=\"read-more-wrapper\"><a class=\"link small\" href=\"https:\/\/aka-med.com.pl\/?page_id=2\" role=\"button\">Read more<span class=\"nc-icon-glyph arrows-1_bold-right\"><\/span><\/a><\/div>\n","protected":false},"author":1,"featured_media":0,"parent":0,"menu_order":0,"comment_status":"closed","ping_status":"open","template":"","meta":{"footnotes":""},"class_list":["post-2","page","type-page","status-publish","hentry"],"_links":{"self":[{"href":"https:\/\/aka-med.com.pl\/index.php?rest_route=\/wp\/v2\/pages\/2","targetHints":{"allow":["GET"]}}],"collection":[{"href":"https:\/\/aka-med.com.pl\/index.php?rest_route=\/wp\/v2\/pages"}],"about":[{"href":"https:\/\/aka-med.com.pl\/index.php?rest_route=\/wp\/v2\/types\/page"}],"author":[{"embeddable":true,"href":"https:\/\/aka-med.com.pl\/index.php?rest_route=\/wp\/v2\/users\/1"}],"replies":[{"embeddable":true,"href":"https:\/\/aka-med.com.pl\/index.php?rest_route=%2Fwp%2Fv2%2Fcomments&post=2"}],"version-history":[{"count":42,"href":"https:\/\/aka-med.com.pl\/index.php?rest_route=\/wp\/v2\/pages\/2\/revisions"}],"predecessor-version":[{"id":330,"href":"https:\/\/aka-med.com.pl\/index.php?rest_route=\/wp\/v2\/pages\/2\/revisions\/330"}],"wp:attachment":[{"href":"https:\/\/aka-med.com.pl\/index.php?rest_route=%2Fwp%2Fv2%2Fmedia&parent=2"}],"curies":[{"name":"wp","href":"https:\/\/api.w.org\/{rel}","templated":true}]}}